{"id":272,"date":"2020-02-05T23:19:05","date_gmt":"2020-02-05T23:19:05","guid":{"rendered":"https:\/\/kiitos.com.mx\/blog\/?page_id=272"},"modified":"2021-03-17T22:57:02","modified_gmt":"2021-03-17T22:57:02","slug":"recetas","status":"publish","type":"page","link":"https:\/\/kiitos.com.mx\/blog\/recetas\/","title":{"rendered":"Recetas"},"content":{"rendered":"\t\t<div data-elementor-type=\"wp-page\" data-elementor-id=\"272\" class=\"elementor elementor-272\">\n\t\t\t\t\t\t<section class=\"elementor-section elementor-top-section elementor-element elementor-element-884430e elementor-section-boxed elementor-section-height-default elementor-section-height-default\" data-id=\"884430e\" data-element_type=\"section\" data-settings=\"{&quot;background_background&quot;:&quot;classic&quot;}\">\n\t\t\t\t\t\t<div class=\"elementor-container elementor-column-gap-default\">\n\t\t\t\t\t<div class=\"elementor-column elementor-col-100 elementor-top-column elementor-element elementor-element-66c072e\" data-id=\"66c072e\" data-element_type=\"column\">\n\t\t\t<div class=\"elementor-widget-wrap elementor-element-populated\">\n\t\t\t\t\t\t<div class=\"elementor-element elementor-element-4d0afb9 elementor-widget elementor-widget-heading\" data-id=\"4d0afb9\" data-element_type=\"widget\" data-widget_type=\"heading.default\">\n\t\t\t\t<div class=\"elementor-widget-container\">\n\t\t\t\t\t<h2 class=\"elementor-heading-title elementor-size-default\">Recetas - Recientes<\/h2>\t\t\t\t<\/div>\n\t\t\t\t<\/div>\n\t\t\t\t\t<\/div>\n\t\t<\/div>\n\t\t\t\t\t<\/div>\n\t\t<\/section>\n\t\t\t\t<section class=\"elementor-section elementor-top-section elementor-element elementor-element-880b790 elementor-section-boxed elementor-section-height-default elementor-section-height-default\" data-id=\"880b790\" data-element_type=\"section\">\n\t\t\t\t\t\t<div class=\"elementor-container elementor-column-gap-default\">\n\t\t\t\t\t<div class=\"elementor-column elementor-col-50 elementor-top-column elementor-element elementor-element-4d9466d\" data-id=\"4d9466d\" data-element_type=\"column\">\n\t\t\t<div class=\"elementor-widget-wrap\">\n\t\t\t\t\t\t\t<\/div>\n\t\t<\/div>\n\t\t\t\t<div class=\"elementor-column elementor-col-50 elementor-top-column elementor-element elementor-element-5f16b56\" data-id=\"5f16b56\" data-element_type=\"column\">\n\t\t\t<div class=\"elementor-widget-wrap elementor-element-populated\">\n\t\t\t\t\t\t<div class=\"elementor-element elementor-element-2984898 elementor-widget-divider--view-line_text elementor-widget-divider--element-align-center elementor-widget elementor-widget-divider\" data-id=\"2984898\" data-element_type=\"widget\" data-widget_type=\"divider.default\">\n\t\t\t\t<div class=\"elementor-widget-container\">\n\t\t\t\t\t\t\t<div class=\"elementor-divider\">\n\t\t\t<span class=\"elementor-divider-separator\">\n\t\t\t\t\t\t\t<span class=\"elementor-divider__text elementor-divider__element\">\n\t\t\t\t<span style=\"font-size:1.5em\">Categor\u00edas<\/span>\t\t\t\t<\/span>\n\t\t\t\t\t\t<\/span>\n\t\t<\/div>\n\t\t\t\t\t\t<\/div>\n\t\t\t\t<\/div>\n\t\t\t\t<div class=\"elementor-element elementor-element-a30c9f8 elementor-widget elementor-widget-slides\" data-id=\"a30c9f8\" data-element_type=\"widget\" data-widget_type=\"slides.default\">\n\t\t\t\t<div class=\"elementor-widget-container\">\n\t\t\t\t\t \t\t\t\t<\/div>\n\t\t\t\t<\/div>\n\t\t\t\t<div class=\"elementor-element elementor-element-8747d1b elementor-widget elementor-widget-facebook-page\" data-id=\"8747d1b\" data-element_type=\"widget\" data-widget_type=\"facebook-page.default\">\n\t\t\t\t<div class=\"elementor-widget-container\">\n\t\t\t\t\t \t\t\t\t<\/div>\n\t\t\t\t<\/div>\n\t\t\t\t<div class=\"elementor-element elementor-element-7159fa5 elementor-widget elementor-widget-heading\" data-id=\"7159fa5\" data-element_type=\"widget\" data-widget_type=\"heading.default\">\n\t\t\t\t<div class=\"elementor-widget-container\">\n\t\t\t\t\t<h2 class=\"elementor-heading-title elementor-size-default\">\u00a1Comparte este blog!<\/h2>\t\t\t\t<\/div>\n\t\t\t\t<\/div>\n\t\t\t\t<div class=\"elementor-element elementor-element-8fe1046 elementor-widget elementor-widget-share-buttons\" data-id=\"8fe1046\" data-element_type=\"widget\" data-widget_type=\"share-buttons.default\">\n\t\t\t\t<div class=\"elementor-widget-container\">\n\t\t\t\t\t \t\t\t\t<\/div>\n\t\t\t\t<\/div>\n\t\t\t\t\t<\/div>\n\t\t<\/div>\n\t\t\t\t\t<\/div>\n\t\t<\/section>\n\t\t\t\t<\/div>\n\t\t","protected":false},"excerpt":{"rendered":"<p>Recetas &#8211; Recientes Receta Kiitos: S\u00e1ndwich arco\u00edris Comentar Sandwich arco\u00edris Incluso s\u00f3lo mirando este s\u00e1ndwich, ya me&#8230; Leer M\u00e1s&#8230; Trufas de chocolate Keto Comentar Trufas de chocolate Keto \u00bfDeseas algo dulce? Prueba estas&#8230; Leer M\u00e1s&#8230; Receta Kiitos: Tarta de pi\u00f1a para bajar de peso Comentar Tarta de pi\u00f1a \u00a1Este pastel sabe tan bien como&#8230; Leer [&hellip;]<\/p>\n","protected":false},"author":1,"featured_media":6,"parent":0,"menu_order":0,"comment_status":"closed","ping_status":"closed","template":"","meta":{"site-sidebar-layout":"no-sidebar","site-content-layout":"page-builder","ast-site-content-layout":"","site-content-style":"default","site-sidebar-style":"default","ast-global-header-display":"","ast-banner-title-visibility":"","ast-main-header-display":"","ast-hfb-above-header-display":"","ast-hfb-below-header-display":"","ast-hfb-mobile-header-display":"","site-post-title":"disabled","ast-breadcrumbs-content":"","ast-featured-img":"disabled","footer-sml-layout":"","theme-transparent-header-meta":"default","adv-header-id-meta":"","stick-header-meta":"","header-above-stick-meta":"","header-main-stick-meta":"","header-below-stick-meta":"","astra-migrate-meta-layouts":"default","ast-page-background-enabled":"default","ast-page-background-meta":{"desktop":{"background-color":"var(--ast-global-color-4)","background-image":"","background-repeat":"repeat","background-position":"center center","background-size":"auto","background-attachment":"scroll","background-type":"","background-media":"","overlay-type":"","overlay-color":"","overlay-opacity":"","overlay-gradient":""},"tablet":{"background-color":"","background-image":"","background-repeat":"repeat","background-position":"center center","background-size":"auto","background-attachment":"scroll","background-type":"","background-media":"","overlay-type":"","overlay-color":"","overlay-opacity":"","overlay-gradient":""},"mobile":{"background-color":"","background-image":"","background-repeat":"repeat","background-position":"center center","background-size":"auto","background-attachment":"scroll","background-type":"","background-media":"","overlay-type":"","overlay-color":"","overlay-opacity":"","overlay-gradient":""}},"ast-content-background-meta":{"desktop":{"background-color":"var(--ast-global-color-5)","background-image":"","background-repeat":"repeat","background-position":"center center","background-size":"auto","background-attachment":"scroll","background-type":"","background-media":"","overlay-type":"","overlay-color":"","overlay-opacity":"","overlay-gradient":""},"tablet":{"background-color":"var(--ast-global-color-5)","background-image":"","background-repeat":"repeat","background-position":"center center","background-size":"auto","background-attachment":"scroll","background-type":"","background-media":"","overlay-type":"","overlay-color":"","overlay-opacity":"","overlay-gradient":""},"mobile":{"background-color":"var(--ast-global-color-5)","background-image":"","background-repeat":"repeat","background-position":"center center","background-size":"auto","background-attachment":"scroll","background-type":"","background-media":"","overlay-type":"","overlay-color":"","overlay-opacity":"","overlay-gradient":""}},"footnotes":""},"class_list":["post-272","page","type-page","status-publish","has-post-thumbnail","hentry"],"yoast_head":"<!-- This site is optimized with the Yoast SEO Premium plugin v21.4 (Yoast SEO v25.1) - https:\/\/yoast.com\/wordpress\/plugins\/seo\/ -->\n<title>Kiitos - El blog que te ayudara a encontrar tu figura ideal<\/title>\n<meta name=\"description\" content=\"&quot;Recetas&quot;, esta es la categoria que te har\u00e1 encontrar formas de preparar comida deliciosa y adem\u00e1s saludable con la cual podras conservar tu figura ideal\" \/>\n<meta name=\"robots\" content=\"index, follow, max-snippet:-1, max-image-preview:large, max-video-preview:-1\" \/>\n<link rel=\"canonical\" href=\"https:\/\/kiitos.com.mx\/blog\/recetas\/\" \/>\n<meta property=\"og:locale\" content=\"es_MX\" \/>\n<meta property=\"og:type\" content=\"article\" \/>\n<meta property=\"og:title\" content=\"Recetas\" \/>\n<meta property=\"og:description\" content=\"&quot;Recetas&quot;, esta es la categoria que te har\u00e1 encontrar formas de preparar comida deliciosa y adem\u00e1s saludable con la cual podras conservar tu figura ideal\" \/>\n<meta property=\"og:url\" content=\"https:\/\/kiitos.com.mx\/blog\/recetas\/\" \/>\n<meta property=\"og:site_name\" content=\"Blog Kiitos\" \/>\n<meta property=\"article:modified_time\" content=\"2021-03-17T22:57:02+00:00\" \/>\n<meta property=\"og:image\" content=\"https:\/\/kiitos.com.mx\/blog\/wp-content\/uploads\/2020\/01\/Kiitos-logo-version-2.png\" \/>\n\t<meta property=\"og:image:width\" content=\"120\" \/>\n\t<meta property=\"og:image:height\" content=\"38\" \/>\n\t<meta property=\"og:image:type\" content=\"image\/png\" \/>\n<meta name=\"twitter:card\" content=\"summary_large_image\" \/>\n<meta name=\"twitter:label1\" content=\"Tiempo de lectura\" \/>\n\t<meta name=\"twitter:data1\" content=\"2 minutos\" \/>\n<script type=\"application\/ld+json\" class=\"yoast-schema-graph\">{\"@context\":\"https:\/\/schema.org\",\"@graph\":[{\"@type\":\"WebPage\",\"@id\":\"https:\/\/kiitos.com.mx\/blog\/recetas\/\",\"url\":\"https:\/\/kiitos.com.mx\/blog\/recetas\/\",\"name\":\"Kiitos - El blog que te ayudara a encontrar tu figura ideal\",\"isPartOf\":{\"@id\":\"https:\/\/kiitos.com.mx\/blog\/#website\"},\"primaryImageOfPage\":{\"@id\":\"https:\/\/kiitos.com.mx\/blog\/recetas\/#primaryimage\"},\"image\":{\"@id\":\"https:\/\/kiitos.com.mx\/blog\/recetas\/#primaryimage\"},\"thumbnailUrl\":\"https:\/\/kiitos.com.mx\/blog\/wp-content\/uploads\/2020\/01\/Kiitos-logo-version-2.png\",\"datePublished\":\"2020-02-05T23:19:05+00:00\",\"dateModified\":\"2021-03-17T22:57:02+00:00\",\"description\":\"\\\"Recetas\\\", esta es la categoria que te har\u00e1 encontrar formas de preparar comida deliciosa y adem\u00e1s saludable con la cual podras conservar tu figura ideal\",\"breadcrumb\":{\"@id\":\"https:\/\/kiitos.com.mx\/blog\/recetas\/#breadcrumb\"},\"inLanguage\":\"es\",\"potentialAction\":[{\"@type\":\"ReadAction\",\"target\":[\"https:\/\/kiitos.com.mx\/blog\/recetas\/\"]}]},{\"@type\":\"ImageObject\",\"inLanguage\":\"es\",\"@id\":\"https:\/\/kiitos.com.mx\/blog\/recetas\/#primaryimage\",\"url\":\"https:\/\/kiitos.com.mx\/blog\/wp-content\/uploads\/2020\/01\/Kiitos-logo-version-2.png\",\"contentUrl\":\"https:\/\/kiitos.com.mx\/blog\/wp-content\/uploads\/2020\/01\/Kiitos-logo-version-2.png\",\"width\":120,\"height\":38},{\"@type\":\"BreadcrumbList\",\"@id\":\"https:\/\/kiitos.com.mx\/blog\/recetas\/#breadcrumb\",\"itemListElement\":[{\"@type\":\"ListItem\",\"position\":1,\"name\":\"Home\",\"item\":\"https:\/\/kiitos.com.mx\/blog\/\"},{\"@type\":\"ListItem\",\"position\":2,\"name\":\"Recetas\"}]},{\"@type\":\"WebSite\",\"@id\":\"https:\/\/kiitos.com.mx\/blog\/#website\",\"url\":\"https:\/\/kiitos.com.mx\/blog\/\",\"name\":\"Kiitos || Blog\",\"description\":\"Kiitos MX - Blog\",\"publisher\":{\"@id\":\"https:\/\/kiitos.com.mx\/blog\/#organization\"},\"potentialAction\":[{\"@type\":\"SearchAction\",\"target\":{\"@type\":\"EntryPoint\",\"urlTemplate\":\"https:\/\/kiitos.com.mx\/blog\/?s={search_term_string}\"},\"query-input\":{\"@type\":\"PropertyValueSpecification\",\"valueRequired\":true,\"valueName\":\"search_term_string\"}}],\"inLanguage\":\"es\"},{\"@type\":\"Organization\",\"@id\":\"https:\/\/kiitos.com.mx\/blog\/#organization\",\"name\":\"Kiitos\",\"url\":\"https:\/\/kiitos.com.mx\/blog\/\",\"logo\":{\"@type\":\"ImageObject\",\"inLanguage\":\"es\",\"@id\":\"https:\/\/kiitos.com.mx\/blog\/#\/schema\/logo\/image\/\",\"url\":\"https:\/\/kiitos.com.mx\/blog\/wp-content\/uploads\/2021\/01\/cropped-Kiitos-web-logo-alt-1.png\",\"contentUrl\":\"https:\/\/kiitos.com.mx\/blog\/wp-content\/uploads\/2021\/01\/cropped-Kiitos-web-logo-alt-1.png\",\"width\":237,\"height\":110,\"caption\":\"Kiitos\"},\"image\":{\"@id\":\"https:\/\/kiitos.com.mx\/blog\/#\/schema\/logo\/image\/\"}}]}<\/script>\n<!-- \/ Yoast SEO Premium plugin. -->","yoast_head_json":{"title":"Kiitos - El blog que te ayudara a encontrar tu figura ideal","description":"\"Recetas\", esta es la categoria que te har\u00e1 encontrar formas de preparar comida deliciosa y adem\u00e1s saludable con la cual podras conservar tu figura ideal","robots":{"index":"index","follow":"follow","max-snippet":"max-snippet:-1","max-image-preview":"max-image-preview:large","max-video-preview":"max-video-preview:-1"},"canonical":"https:\/\/kiitos.com.mx\/blog\/recetas\/","og_locale":"es_MX","og_type":"article","og_title":"Recetas","og_description":"\"Recetas\", esta es la categoria que te har\u00e1 encontrar formas de preparar comida deliciosa y adem\u00e1s saludable con la cual podras conservar tu figura ideal","og_url":"https:\/\/kiitos.com.mx\/blog\/recetas\/","og_site_name":"Blog Kiitos","article_modified_time":"2021-03-17T22:57:02+00:00","og_image":[{"width":120,"height":38,"url":"https:\/\/kiitos.com.mx\/blog\/wp-content\/uploads\/2020\/01\/Kiitos-logo-version-2.png","type":"image\/png"}],"twitter_card":"summary_large_image","twitter_misc":{"Tiempo de lectura":"2 minutos"},"schema":{"@context":"https:\/\/schema.org","@graph":[{"@type":"WebPage","@id":"https:\/\/kiitos.com.mx\/blog\/recetas\/","url":"https:\/\/kiitos.com.mx\/blog\/recetas\/","name":"Kiitos - El blog que te ayudara a encontrar tu figura ideal","isPartOf":{"@id":"https:\/\/kiitos.com.mx\/blog\/#website"},"primaryImageOfPage":{"@id":"https:\/\/kiitos.com.mx\/blog\/recetas\/#primaryimage"},"image":{"@id":"https:\/\/kiitos.com.mx\/blog\/recetas\/#primaryimage"},"thumbnailUrl":"https:\/\/kiitos.com.mx\/blog\/wp-content\/uploads\/2020\/01\/Kiitos-logo-version-2.png","datePublished":"2020-02-05T23:19:05+00:00","dateModified":"2021-03-17T22:57:02+00:00","description":"\"Recetas\", esta es la categoria que te har\u00e1 encontrar formas de preparar comida deliciosa y adem\u00e1s saludable con la cual podras conservar tu figura ideal","breadcrumb":{"@id":"https:\/\/kiitos.com.mx\/blog\/recetas\/#breadcrumb"},"inLanguage":"es","potentialAction":[{"@type":"ReadAction","target":["https:\/\/kiitos.com.mx\/blog\/recetas\/"]}]},{"@type":"ImageObject","inLanguage":"es","@id":"https:\/\/kiitos.com.mx\/blog\/recetas\/#primaryimage","url":"https:\/\/kiitos.com.mx\/blog\/wp-content\/uploads\/2020\/01\/Kiitos-logo-version-2.png","contentUrl":"https:\/\/kiitos.com.mx\/blog\/wp-content\/uploads\/2020\/01\/Kiitos-logo-version-2.png","width":120,"height":38},{"@type":"BreadcrumbList","@id":"https:\/\/kiitos.com.mx\/blog\/recetas\/#breadcrumb","itemListElement":[{"@type":"ListItem","position":1,"name":"Home","item":"https:\/\/kiitos.com.mx\/blog\/"},{"@type":"ListItem","position":2,"name":"Recetas"}]},{"@type":"WebSite","@id":"https:\/\/kiitos.com.mx\/blog\/#website","url":"https:\/\/kiitos.com.mx\/blog\/","name":"Kiitos || Blog","description":"Kiitos MX - Blog","publisher":{"@id":"https:\/\/kiitos.com.mx\/blog\/#organization"},"potentialAction":[{"@type":"SearchAction","target":{"@type":"EntryPoint","urlTemplate":"https:\/\/kiitos.com.mx\/blog\/?s={search_term_string}"},"query-input":{"@type":"PropertyValueSpecification","valueRequired":true,"valueName":"search_term_string"}}],"inLanguage":"es"},{"@type":"Organization","@id":"https:\/\/kiitos.com.mx\/blog\/#organization","name":"Kiitos","url":"https:\/\/kiitos.com.mx\/blog\/","logo":{"@type":"ImageObject","inLanguage":"es","@id":"https:\/\/kiitos.com.mx\/blog\/#\/schema\/logo\/image\/","url":"https:\/\/kiitos.com.mx\/blog\/wp-content\/uploads\/2021\/01\/cropped-Kiitos-web-logo-alt-1.png","contentUrl":"https:\/\/kiitos.com.mx\/blog\/wp-content\/uploads\/2021\/01\/cropped-Kiitos-web-logo-alt-1.png","width":237,"height":110,"caption":"Kiitos"},"image":{"@id":"https:\/\/kiitos.com.mx\/blog\/#\/schema\/logo\/image\/"}}]}},"_links":{"self":[{"href":"https:\/\/kiitos.com.mx\/blog\/wp-json\/wp\/v2\/pages\/272","targetHints":{"allow":["GET"]}}],"collection":[{"href":"https:\/\/kiitos.com.mx\/blog\/wp-json\/wp\/v2\/pages"}],"about":[{"href":"https:\/\/kiitos.com.mx\/blog\/wp-json\/wp\/v2\/types\/page"}],"author":[{"embeddable":true,"href":"https:\/\/kiitos.com.mx\/blog\/wp-json\/wp\/v2\/users\/1"}],"replies":[{"embeddable":true,"href":"https:\/\/kiitos.com.mx\/blog\/wp-json\/wp\/v2\/comments?post=272"}],"version-history":[{"count":6,"href":"https:\/\/kiitos.com.mx\/blog\/wp-json\/wp\/v2\/pages\/272\/revisions"}],"predecessor-version":[{"id":2131,"href":"https:\/\/kiitos.com.mx\/blog\/wp-json\/wp\/v2\/pages\/272\/revisions\/2131"}],"wp:featuredmedia":[{"embeddable":true,"href":"https:\/\/kiitos.com.mx\/blog\/wp-json\/wp\/v2\/media\/6"}],"wp:attachment":[{"href":"https:\/\/kiitos.com.mx\/blog\/wp-json\/wp\/v2\/media?parent=272"}],"curies":[{"name":"wp","href":"https:\/\/api.w.org\/{rel}","templated":true}]}}